{"id":9195,"date":"2023-06-20T19:38:19","date_gmt":"2023-06-20T19:38:19","guid":{"rendered":"https:\/\/lakemarycosmeticdentist.com\/unitedhealthcare-dental-insurance-plans\/"},"modified":"2026-04-22T09:24:02","modified_gmt":"2026-04-22T13:24:02","slug":"unitedhealthcare-dental-insurance-plans","status":"publish","type":"page","link":"https:\/\/lakemarycosmeticdentist.com\/es\/unitedhealthcare-dental-insurance-plans\/","title":{"rendered":"Planes de seguro dental de UnitedHealthcare"},"content":{"rendered":"<div id=\"cs-content\" class=\"cs-content\"><div class=\"x-section e9195-e1 m73f-0 m73f-1 m73f-2 m73f-5 hero_video\" style=\"--tco-dc73f-1:rgb(89, 90, 90);--tco-dc73f-4:rgb(89, 90, 90);\"><div class=\"x-bg\" aria-hidden=\"true\"><div class=\"x-bg-layer-lower-color\"><\/div><div class=\"x-bg-layer-upper-color\"><\/div><\/div><div class=\"x-row x-container max width e9195-e2 m73f-6 m73f-7 m73f-8 m73f-e m73f-f\"><div class=\"x-row-inner\"><div class=\"x-col e9195-e3 m73f-k m73f-l m73f-m m73f-n m73f-o\"><div class=\"x-div e9195-e4 m73f-t\"><div class=\"x-text x-content e9195-e5 m73f-u m73f-v m73f-w m73f-x m73f-y m73f-z\"><p class=\"p9px txt_white\">Se Habla Espa\u00f1ol<\/p><\/div><div class=\"x-text x-content e9195-e6 m73f-u m73f-v m73f-w m73f-x m73f-y m73f-z\"><p class=\"p9px txt_white\">Citas de urgencia disponibles<\/p><\/div><\/div><div class=\"x-text x-content e9195-e7 m73f-u m73f-w m73f-z m73f-10\"><a class=\"x-image\" href=\"\/es\/homepage\/\" style=\"outline: none;\"><img sizes=\"(max-width: 960px) 100vw, 960px\" srcset=\"https:\/\/lakemarycosmeticdentist.com\/wp-content\/uploads\/sites\/20\/2025\/08\/GPI-0128-001_LMD_White_900x280.png 960w, https:\/\/lakemarycosmeticdentist.com\/wp-content\/uploads\/sites\/20\/2025\/08\/GPI-0128-001_LMD_White_900x280-300x88.png 300w, https:\/\/lakemarycosmeticdentist.com\/wp-content\/uploads\/sites\/20\/2025\/08\/GPI-0128-001_LMD_White_900x280-768x224.png 768w, https:\/\/lakemarycosmeticdentist.com\/wp-content\/uploads\/sites\/20\/2025\/08\/GPI-0128-001_LMD_White_900x280-18x5.png 18w, https:\/\/lakemarycosmeticdentist.com\/wp-content\/uploads\/sites\/20\/2025\/08\/GPI-0128-001_LMD_White_900x280-100x29.png 100w\" decoding=\"async\" src=\"https:\/\/lakemarycosmeticdentist.com\/wp-content\/uploads\/sites\/20\/2025\/08\/GPI-0128-001_LMD_White_900x280.png\" width=\"450\" height=\"140\" alt=\"Lake Mary Family, Cosmetic and Implant Dentistry Logo\" loading=\"lazy\"><\/a><\/div><\/div><\/div><\/div><div class=\"x-row x-container max width e9195-e8 m73f-6 m73f-8 m73f-9 m73f-e m73f-g\"><div class=\"x-row-inner\"><div class=\"x-col e9195-e9 m73f-k m73f-m m73f-n m73f-o m73f-p m73f-q\"><div class=\"x-text x-content e9195-e10 m73f-u m73f-w m73f-y m73f-11 m73f-12\"><h1 class=\"txt_white\">UnitedHealthcare<sup>\u00ae<\/sup> Planes de seguro<\/h1><\/div><div class=\"x-text x-content e9195-e11 m73f-u m73f-w m73f-z m73f-10\"><p class=\"pdefault\"><a href=\"\/es\/insurances-we-accept\/#od_insuranceblock\" class=\"txt_white\">Volver a la p\u00e1gina de seguros<\/a><\/p><\/div><\/div><\/div><\/div><\/div><div class=\"x-section e9195-e12 m73f-0 m73f-3\" style=\"--tco-dc73f-6:rgb(252, 250, 237);--tco-dc73f-9:rgb(252, 250, 237);\"><div class=\"x-row x-container max width e9195-e13 m73f-6 m73f-8 m73f-a m73f-b m73f-e m73f-h\" style=\"--tco-dc73f-c:#ffffff;--tco-dc73f-f:#ffffff;\"><div class=\"x-row-inner\"><div class=\"x-col e9195-e14 m73f-k m73f-l m73f-o m73f-r\"><div class=\"x-text x-content e9195-e15 m73f-u m73f-w m73f-z m73f-11 m73f-13\"><h2>Lake Mary Family, Cosmetic and Implant Dentistry acepta los siguientes UnitedHealthcare<sup>\u00ae<\/sup> Planes de seguro<\/h2><\/div><div class=\"x-text x-content e9195-e16 m73f-u m73f-v m73f-w m73f-z m73f-14 m73f-15\"><ul>\r\n\t<li class=\"ins_li\">S\u00f3lo dentro de la red PPO - INO<\/li>\r\n\t<li class=\"ins_li\">Red HealthPlex PPO<\/li>\r\n\t<li class=\"ins_li\">National Options PPO 10 <\/li>\r\n\t<li class=\"ins_li\">National Options PPO 15<\/li>\r\n\t<li class=\"ins_li\">National Options PPO 20<\/li>\r\n\t<li class=\"ins_li\">National Options PPO 25<\/li>\r\n\t<li class=\"ins_li\">National Options PPO 30<\/li>\r\n\t<li class=\"ins_li\">PPO Red Nacional de Opciones<\/li>\r\n\t<li class=\"ins_li\">Red nacional Medicare Advantage<\/li>\r\n<\/ul><\/div><div class=\"x-text x-content e9195-e17 m73f-u m73f-v m73f-w m73f-z m73f-14\"><p class=\"pdefault\"><b>Si no encuentra su seguro en esta lista, por favor <a href=\"\/es\/contact-us\/\">Contacto<\/a> para ayudarle m\u00e1s.<\/b> <i>Tenga en cuenta que actualmente no aceptamos Medicaid ni planes HMO.<\/i><\/p><\/div><div class=\"x-text x-content e9195-e18 m73f-u m73f-v m73f-w m73f-z m73f-14\"><p class=\"pdefault\"><a href=\"\/es\/insurances-we-accept\/#od_insuranceblock\" class=\"txt_under\">Volver a la p\u00e1gina de seguros<\/a><\/p><\/div><\/div><\/div><\/div><div class=\"x-row x-container max width e9195-e19 m73f-6 m73f-8 m73f-a m73f-c m73f-e m73f-i\" style=\"--tco-dc73f-i:#ffffff;--tco-dc73f-l:#ffffff;--tco-dc73f-o:#ffffff;\"><div class=\"x-row-inner\"><div class=\"x-col e9195-e20 m73f-o m73f-s\"><div class=\"x-text x-content e9195-e21 m73f-u m73f-v m73f-14 m73f-16\"><p class=\"pdefault\">UnitedHealthcare proporciona acceso a una amplia red nacional de proveedores dise\u00f1ada para satisfacer sus necesidades de atenci\u00f3n odontol\u00f3gica: odontolog\u00eda general y pedi\u00e1trica, ortodoncia, periodoncia, endodoncia o cirug\u00eda oral, as\u00ed como teledontolog\u00eda las 24 horas del d\u00eda, los 7 d\u00edas de la semana, para necesidades urgentes, y funciones y recompensas de bienestar. Sus planes son personalizables para ajustarse a distintas necesidades y presupuestos, lo que permite a los particulares seleccionar la cobertura que m\u00e1s les convenga. Las prestaciones incluyen la cobertura 100% para cuidados preventivos, limpiezas adicionales y tratamientos no quir\u00fargicos de las enc\u00edas durante el embarazo y tres meses despu\u00e9s, as\u00ed como estrategias integradas de gesti\u00f3n sanitaria dise\u00f1adas para ayudar a sus empleados a retomar los cuidados preventivos o periodontales. Adem\u00e1s, sus herramientas y recursos en l\u00ednea de f\u00e1cil uso permiten a los particulares gestionar eficazmente su salud dental, con funciones como la presentaci\u00f3n de reclamaciones y el acceso a informaci\u00f3n dental personalizada.<\/p>\n<p class=\"pdefault\">Para m\u00e1s informaci\u00f3n, <a href=\"https:\/\/www.uhc.com\/\" target=\"_new\">haga clic aqu\u00ed para visitar su sitio web.<\/a><\/p><\/div><\/div><div class=\"x-col e9195-e22 m73f-k m73f-m m73f-o m73f-p\"><span class=\"x-image e9195-e23 m73f-17\"><img decoding=\"async\" src=\"https:\/\/lakemarycosmeticdentist.com\/wp-content\/uploads\/sites\/20\/2020\/08\/united.jpg\" srcset=\"https:\/\/lakemarycosmeticdentist.com\/wp-content\/uploads\/sites\/20\/2020\/08\/united.jpg 318w, https:\/\/lakemarycosmeticdentist.com\/wp-content\/uploads\/sites\/20\/2020\/08\/united-300x94.jpg 300w, https:\/\/lakemarycosmeticdentist.com\/wp-content\/uploads\/sites\/20\/2020\/08\/united-18x6.jpg 18w, https:\/\/lakemarycosmeticdentist.com\/wp-content\/uploads\/sites\/20\/2020\/08\/united-100x31.jpg 100w\" sizes=\"(max-width: 318px) 100vw, 318px\" alt=\"UnitedHealthcare logo with a stylized blue shield graphic on the left and the words United Healthcare in bold blue text on the right.\"><\/span><\/div><\/div><\/div><\/div><div class=\"x-section e9195-e24 m73f-0 m73f-1 m73f-4\"><div class=\"x-row e9195-e25 m73f-6 m73f-d m73f-e m73f-j\"><div class=\"x-row-inner\"><div class=\"x-col e9195-e26 m73f-o\"><div class=\"cs-content x-global-block x-global-block-9316 e9316-e0\"><div class=\"x-section e9316-e2 m76s-0\" style=\"--tco-dc76s-1:#ffffff;--tco-dc76s-4:#ffffff;\"><div class=\"x-row x-container max width e9316-e3 m76s-1 m76s-2 m76s-3\"><div class=\"x-row-inner\"><div class=\"x-col e9316-e4 m76s-5 m76s-6 m76s-7\"><div class=\"x-text x-content e9316-e5 m76s-a m76s-b\"><h2>Opciones de pago flexibles<\/h2>\n<h3>Para una atenci\u00f3n dental de alta calidad en Lake Mary<\/h3><\/div><div class=\"x-text x-content e9316-e6 m76s-a m76s-c\"><p class=\"pdefault\">Para su comodidad, Lake Mary Family, Cosmetic and Implant Dentistry acepta:<\/p>\n\n<ul>\n \t<li class=\"pdefault\">Una amplia gama de planes de seguro dental PPO -<span>\u00a0<\/span><a href=\"\/es\/insurances-we-accept\/\" target=\"_self\"><b>pulse aqu\u00ed<\/b> para ver qu\u00e9 seguros aceptamos<\/a><\/li>\n \t<li class=\"pdefault\">Plan interno de descuentos y ofertas especiales para pacientes sin seguro m\u00e9dico<\/li>\n \t<li class=\"pdefault\">Efectivo y cheque<\/li>\n \t<li class=\"pdefault\">Todas las principales tarjetas de cr\u00e9dito, incluidas MasterCard, VISA, Discover, American Express, etc.<\/li>\n<\/ul>\n<p class=\"pdefault\"><b>NO aceptamos planes HMO ni Medicaid.<\/b><\/p><\/div><\/div><div class=\"x-col e9316-e7 m76s-5 m76s-8 m76s-9\"><a class=\"x-image e9316-e8 m76s-e\" href=\"https:\/\/apply.sunbit.com\/LakeMaryCosmeticImplantDentistry\" target=\"_blank\" rel=\"noopener noreferrer\"><img decoding=\"async\" src=\"https:\/\/lakemarycosmeticdentist.com\/wp-content\/uploads\/sites\/20\/2025\/11\/Dntl_Web_600x500-1.png\" srcset=\"https:\/\/lakemarycosmeticdentist.com\/wp-content\/uploads\/sites\/20\/2025\/11\/Dntl_Web_600x500-1.png 600w, https:\/\/lakemarycosmeticdentist.com\/wp-content\/uploads\/sites\/20\/2025\/11\/Dntl_Web_600x500-1-300x250.png 300w, https:\/\/lakemarycosmeticdentist.com\/wp-content\/uploads\/sites\/20\/2025\/11\/Dntl_Web_600x500-1-14x12.png 14w, https:\/\/lakemarycosmeticdentist.com\/wp-content\/uploads\/sites\/20\/2025\/11\/Dntl_Web_600x500-1-100x83.png 100w\" sizes=\"(max-width: 600px) 100vw, 600px\" alt=\"Smile now, Pay-over-time with sunbit\"><\/a><\/div><\/div><\/div><\/div><\/div><\/div><\/div><\/div><\/div><\/div>","protected":false},"excerpt":{"rendered":"<p>Los planes de seguro Lake Mary Cosmetic and Implant Dentistry acepta. \u00a1Llame al 407-333-7393 hoy para programar su cita con nuestros dentistas cualificados y de confianza!<\/p>","protected":false},"author":1,"featured_media":0,"parent":0,"menu_order":0,"comment_status":"closed","ping_status":"closed","template":"template-blank-4.php","meta":{"footnotes":""},"class_list":["post-9195","page","type-page","status-publish","hentry","no-post-thumbnail"],"aioseo_notices":[],"aioseo_head":"\n\t\t<!-- All in One SEO Pro 4.9.6.2 - aioseo.com -->\n\t<meta name=\"description\" content=\"The insurance plans Lake Mary Cosmetic and Implant Dentistry accepts. Call 407-333-7393 today to schedule your appointment with our skilled and trusted dentists!\" \/>\n\t<meta name=\"robots\" content=\"max-image-preview:large\" \/>\n\t<link rel=\"canonical\" href=\"https:\/\/lakemarycosmeticdentist.com\/es\/unitedhealthcare-dental-insurance-plans\/\" \/>\n\t<meta name=\"generator\" content=\"All in One SEO Pro (AIOSEO) 4.9.6.2\" \/>\n\t\t<meta property=\"og:locale\" content=\"es_ES\" \/>\n\t\t<meta property=\"og:site_name\" content=\"Lake Mary Family, Cosmetic, And Implant Dentistry - Lake Mary Family, Cosmetic, And Implant Dentistry\" \/>\n\t\t<meta property=\"og:type\" content=\"article\" \/>\n\t\t<meta property=\"og:title\" content=\"UnitedHealthcare Dental Insurance Plans - Lake Mary Family, Cosmetic, And Implant Dentistry - Lake Mary Dentist Near You\" \/>\n\t\t<meta property=\"og:description\" content=\"The insurance plans Lake Mary Cosmetic and Implant Dentistry accepts. Call 407-333-7393 today to schedule your appointment with our skilled and trusted dentists!\" \/>\n\t\t<meta property=\"og:url\" content=\"https:\/\/lakemarycosmeticdentist.com\/es\/unitedhealthcare-dental-insurance-plans\/\" \/>\n\t\t<meta property=\"og:image\" content=\"https:\/\/lakemarycosmeticdentist.com\/wp-content\/uploads\/sites\/20\/2023\/11\/LMD.jpg\" \/>\n\t\t<meta property=\"og:image:secure_url\" content=\"https:\/\/lakemarycosmeticdentist.com\/wp-content\/uploads\/sites\/20\/2023\/11\/LMD.jpg\" \/>\n\t\t<meta property=\"og:image:width\" content=\"1200\" \/>\n\t\t<meta property=\"og:image:height\" content=\"630\" \/>\n\t\t<meta property=\"article:published_time\" content=\"2023-06-20T19:38:19+00:00\" \/>\n\t\t<meta property=\"article:modified_time\" content=\"2026-04-22T13:24:02+00:00\" \/>\n\t\t<meta name=\"twitter:card\" content=\"summary\" \/>\n\t\t<meta name=\"twitter:title\" content=\"UnitedHealthcare Dental Insurance Plans - Lake Mary Family, Cosmetic, And Implant Dentistry - Lake Mary Dentist Near You\" \/>\n\t\t<meta name=\"twitter:description\" content=\"The insurance plans Lake Mary Cosmetic and Implant Dentistry accepts. Call 407-333-7393 today to schedule your appointment with our skilled and trusted dentists!\" \/>\n\t\t<meta name=\"twitter:image\" content=\"https:\/\/lakemarycosmeticdentist.com\/wp-content\/uploads\/sites\/20\/2023\/11\/LMD.jpg\" \/>\n\t\t<script type=\"application\/ld+json\" class=\"aioseo-schema\">\n\t\t\t{\"@context\":\"https:\\\/\\\/schema.org\",\"@graph\":[{\"@type\":\"BreadcrumbList\",\"@id\":\"https:\\\/\\\/lakemarycosmeticdentist.com\\\/es\\\/unitedhealthcare-dental-insurance-plans\\\/#breadcrumblist\",\"itemListElement\":[{\"@type\":\"ListItem\",\"@id\":\"https:\\\/\\\/lakemarycosmeticdentist.com\\\/es#listItem\",\"position\":1,\"name\":\"Home\",\"item\":\"https:\\\/\\\/lakemarycosmeticdentist.com\\\/es\",\"nextItem\":{\"@type\":\"ListItem\",\"@id\":\"https:\\\/\\\/lakemarycosmeticdentist.com\\\/es\\\/unitedhealthcare-dental-insurance-plans\\\/#listItem\",\"name\":\"UnitedHealthcare Dental Insurance Plans\"}},{\"@type\":\"ListItem\",\"@id\":\"https:\\\/\\\/lakemarycosmeticdentist.com\\\/es\\\/unitedhealthcare-dental-insurance-plans\\\/#listItem\",\"position\":2,\"name\":\"UnitedHealthcare Dental Insurance Plans\",\"previousItem\":{\"@type\":\"ListItem\",\"@id\":\"https:\\\/\\\/lakemarycosmeticdentist.com\\\/es#listItem\",\"name\":\"Home\"}}]},{\"@type\":\"Organization\",\"@id\":\"https:\\\/\\\/lakemarycosmeticdentist.com\\\/es\\\/#organization\",\"name\":\"Lake Mary Family, Cosmetic, And Implant Dentistry\",\"description\":\"Lake Mary Family, Cosmetic, And Implant Dentistry\",\"url\":\"https:\\\/\\\/lakemarycosmeticdentist.com\\\/es\\\/\",\"email\":\"frontdesk@lakemarycosmeticdentist.com\",\"telephone\":\"+14073337393\",\"logo\":{\"@type\":\"ImageObject\",\"url\":\"https:\\\/\\\/master.operationdental.com\\\/wp-content\\\/uploads\\\/2022\\\/06\\\/LMD-0003-001_LOGO_color_750px.png\",\"@id\":\"https:\\\/\\\/lakemarycosmeticdentist.com\\\/es\\\/unitedhealthcare-dental-insurance-plans\\\/#organizationLogo\"},\"image\":{\"@id\":\"https:\\\/\\\/lakemarycosmeticdentist.com\\\/es\\\/unitedhealthcare-dental-insurance-plans\\\/#organizationLogo\"},\"address\":{\"@id\":\"https:\\\/\\\/lakemarycosmeticdentist.com\\\/es\\\/#postaladdress\",\"@type\":\"PostalAddress\",\"streetAddress\":\"570 Rinehart Rd #110,\",\"postalCode\":\"32746\",\"addressLocality\":\"Lake Mary\",\"addressRegion\":\"Florida\",\"addressCountry\":\"US\"}},{\"@type\":\"WebPage\",\"@id\":\"https:\\\/\\\/lakemarycosmeticdentist.com\\\/es\\\/unitedhealthcare-dental-insurance-plans\\\/#webpage\",\"url\":\"https:\\\/\\\/lakemarycosmeticdentist.com\\\/es\\\/unitedhealthcare-dental-insurance-plans\\\/\",\"name\":\"UnitedHealthcare Dental Insurance Plans - Lake Mary Family, Cosmetic, And Implant Dentistry - Lake Mary Dentist Near You\",\"description\":\"The insurance plans Lake Mary Cosmetic and Implant Dentistry accepts. Call 407-333-7393 today to schedule your appointment with our skilled and trusted dentists!\",\"inLanguage\":\"es-ES\",\"isPartOf\":{\"@id\":\"https:\\\/\\\/lakemarycosmeticdentist.com\\\/es\\\/#website\"},\"breadcrumb\":{\"@id\":\"https:\\\/\\\/lakemarycosmeticdentist.com\\\/es\\\/unitedhealthcare-dental-insurance-plans\\\/#breadcrumblist\"},\"datePublished\":\"2023-06-20T19:38:19-04:00\",\"dateModified\":\"2026-04-22T09:24:02-04:00\"},{\"@type\":\"WebSite\",\"@id\":\"https:\\\/\\\/lakemarycosmeticdentist.com\\\/es\\\/#website\",\"url\":\"https:\\\/\\\/lakemarycosmeticdentist.com\\\/es\\\/\",\"name\":\"Lake Mary Family, Cosmetic, And Implant Dentistry\",\"description\":\"Lake Mary Family, Cosmetic, And Implant Dentistry\",\"inLanguage\":\"es-ES\",\"publisher\":{\"@id\":\"https:\\\/\\\/lakemarycosmeticdentist.com\\\/es\\\/#organization\"}}]}\n\t\t<\/script>\n\t\t<!-- All in One SEO Pro -->\r\n\t\t<title>UnitedHealthcare Dental Insurance Plans - Lake Mary Family, Cosmetic, And Implant Dentistry - Lake Mary Dentist Near You<\/title>\n\n","aioseo_head_json":{"title":"Planes de seguro dental de UnitedHealthcare - Odontolog\u00eda familiar, cosm\u00e9tica y de implantes en Lake Mary - Dentista cerca de usted en Lake Mary","description":"Los planes de seguro Lake Mary Cosmetic and Implant Dentistry acepta. \u00a1Llame al 407-333-7393 hoy para programar su cita con nuestros dentistas cualificados y de confianza!","canonical_url":"https:\/\/lakemarycosmeticdentist.com\/es\/unitedhealthcare-dental-insurance-plans\/","robots":"max-image-preview:large","keywords":"","webmasterTools":{"miscellaneous":""},"schema":{"@context":"https:\/\/schema.org","@graph":[{"@type":"BreadcrumbList","@id":"https:\/\/lakemarycosmeticdentist.com\/es\/unitedhealthcare-dental-insurance-plans\/#breadcrumblist","itemListElement":[{"@type":"ListItem","@id":"https:\/\/lakemarycosmeticdentist.com\/es#listItem","position":1,"name":"Home","item":"https:\/\/lakemarycosmeticdentist.com\/es","nextItem":{"@type":"ListItem","@id":"https:\/\/lakemarycosmeticdentist.com\/es\/unitedhealthcare-dental-insurance-plans\/#listItem","name":"UnitedHealthcare Dental Insurance Plans"}},{"@type":"ListItem","@id":"https:\/\/lakemarycosmeticdentist.com\/es\/unitedhealthcare-dental-insurance-plans\/#listItem","position":2,"name":"UnitedHealthcare Dental Insurance Plans","previousItem":{"@type":"ListItem","@id":"https:\/\/lakemarycosmeticdentist.com\/es#listItem","name":"Home"}}]},{"@type":"Organization","@id":"https:\/\/lakemarycosmeticdentist.com\/es\/#organization","name":"Lake Mary Family, Cosmetic, And Implant Dentistry","description":"Lake Mary Family, Cosmetic, And Implant Dentistry","url":"https:\/\/lakemarycosmeticdentist.com\/es\/","email":"frontdesk@lakemarycosmeticdentist.com","telephone":"+14073337393","logo":{"@type":"ImageObject","url":"https:\/\/master.operationdental.com\/wp-content\/uploads\/2022\/06\/LMD-0003-001_LOGO_color_750px.png","@id":"https:\/\/lakemarycosmeticdentist.com\/es\/unitedhealthcare-dental-insurance-plans\/#organizationLogo"},"image":{"@id":"https:\/\/lakemarycosmeticdentist.com\/es\/unitedhealthcare-dental-insurance-plans\/#organizationLogo"},"address":{"@id":"https:\/\/lakemarycosmeticdentist.com\/es\/#postaladdress","@type":"PostalAddress","streetAddress":"570 Rinehart Rd #110,","postalCode":"32746","addressLocality":"Lake Mary","addressRegion":"Florida","addressCountry":"US"}},{"@type":"WebPage","@id":"https:\/\/lakemarycosmeticdentist.com\/es\/unitedhealthcare-dental-insurance-plans\/#webpage","url":"https:\/\/lakemarycosmeticdentist.com\/es\/unitedhealthcare-dental-insurance-plans\/","name":"UnitedHealthcare Dental Insurance Plans - Lake Mary Family, Cosmetic, And Implant Dentistry - Lake Mary Dentist Near You","description":"The insurance plans Lake Mary Cosmetic and Implant Dentistry accepts. Call 407-333-7393 today to schedule your appointment with our skilled and trusted dentists!","inLanguage":"es-ES","isPartOf":{"@id":"https:\/\/lakemarycosmeticdentist.com\/es\/#website"},"breadcrumb":{"@id":"https:\/\/lakemarycosmeticdentist.com\/es\/unitedhealthcare-dental-insurance-plans\/#breadcrumblist"},"datePublished":"2023-06-20T19:38:19-04:00","dateModified":"2026-04-22T09:24:02-04:00"},{"@type":"WebSite","@id":"https:\/\/lakemarycosmeticdentist.com\/es\/#website","url":"https:\/\/lakemarycosmeticdentist.com\/es\/","name":"Lake Mary Family, Cosmetic, And Implant Dentistry","description":"Lake Mary Family, Cosmetic, And Implant Dentistry","inLanguage":"es-ES","publisher":{"@id":"https:\/\/lakemarycosmeticdentist.com\/es\/#organization"}}]},"og:locale":"es_ES","og:site_name":"Lake Mary Family, Cosmetic, And Implant Dentistry - Lake Mary Family, Cosmetic, And Implant Dentistry","og:type":"article","og:title":"UnitedHealthcare Dental Insurance Plans - Lake Mary Family, Cosmetic, And Implant Dentistry - Lake Mary Dentist Near You","og:description":"The insurance plans Lake Mary Cosmetic and Implant Dentistry accepts. Call 407-333-7393 today to schedule your appointment with our skilled and trusted dentists!","og:url":"https:\/\/lakemarycosmeticdentist.com\/es\/unitedhealthcare-dental-insurance-plans\/","og:image":"https:\/\/lakemarycosmeticdentist.com\/wp-content\/uploads\/sites\/20\/2023\/11\/LMD.jpg","og:image:secure_url":"https:\/\/lakemarycosmeticdentist.com\/wp-content\/uploads\/sites\/20\/2023\/11\/LMD.jpg","og:image:width":1200,"og:image:height":630,"article:published_time":"2023-06-20T19:38:19+00:00","article:modified_time":"2026-04-22T13:24:02+00:00","twitter:card":"summary","twitter:title":"UnitedHealthcare Dental Insurance Plans - Lake Mary Family, Cosmetic, And Implant Dentistry - Lake Mary Dentist Near You","twitter:description":"The insurance plans Lake Mary Cosmetic and Implant Dentistry accepts. Call 407-333-7393 today to schedule your appointment with our skilled and trusted dentists!","twitter:image":"https:\/\/lakemarycosmeticdentist.com\/wp-content\/uploads\/sites\/20\/2023\/11\/LMD.jpg"},"aioseo_meta_data":{"post_id":"9195","title":null,"description":null,"keywords":null,"keyphrases":null,"primary_term":null,"canonical_url":null,"og_title":null,"og_description":null,"og_object_type":"default","og_image_type":"default","og_image_url":null,"og_image_width":null,"og_image_height":null,"og_image_custom_url":null,"og_image_custom_fields":null,"og_video":null,"og_custom_url":null,"og_article_section":null,"og_article_tags":null,"twitter_use_og":false,"twitter_card":"default","twitter_image_type":"default","twitter_image_url":null,"twitter_image_custom_url":null,"twitter_image_custom_fields":null,"twitter_title":null,"twitter_description":null,"schema":{"blockGraphs":[],"customGraphs":[],"default":{"data":{"Article":[],"Course":[],"Dataset":[],"FAQPage":[],"Movie":[],"Person":[],"Product":[],"ProductReview":[],"Car":[],"Recipe":[],"Service":[],"SoftwareApplication":[],"WebPage":[]},"graphName":"WebPage","isEnabled":true},"graphs":[]},"schema_type":"default","schema_type_options":null,"pillar_content":false,"robots_default":true,"robots_noindex":false,"robots_noarchive":false,"robots_nosnippet":false,"robots_nofollow":false,"robots_noimageindex":false,"robots_noodp":false,"robots_notranslate":false,"robots_max_snippet":null,"robots_max_videopreview":null,"robots_max_imagepreview":"large","priority":null,"frequency":null,"local_seo":null,"seo_analyzer_scan_date":"2026-04-22 13:25:15","breadcrumb_settings":null,"limit_modified_date":false,"reviewed_by":null,"open_ai":null,"ai":null,"created":"2023-10-18 17:13:29","updated":"2026-04-23 14:58:55"},"aioseo_breadcrumb":"<div class=\"aioseo-breadcrumbs\"><span class=\"aioseo-breadcrumb\">\n\t<a href=\"https:\/\/lakemarycosmeticdentist.com\/es\" title=\"Home\">Home<\/a>\n<\/span><span class=\"aioseo-breadcrumb-separator\">\u00bb<\/span><span class=\"aioseo-breadcrumb\">\n\tUnitedHealthcare Dental Insurance Plans\n<\/span><\/div>","aioseo_breadcrumb_json":[{"label":"Home","link":"https:\/\/lakemarycosmeticdentist.com\/es"},{"label":"UnitedHealthcare Dental Insurance Plans","link":"https:\/\/lakemarycosmeticdentist.com\/es\/unitedhealthcare-dental-insurance-plans\/"}],"_links":{"self":[{"href":"https:\/\/lakemarycosmeticdentist.com\/es\/wp-json\/wp\/v2\/pages\/9195","targetHints":{"allow":["GET"]}}],"collection":[{"href":"https:\/\/lakemarycosmeticdentist.com\/es\/wp-json\/wp\/v2\/pages"}],"about":[{"href":"https:\/\/lakemarycosmeticdentist.com\/es\/wp-json\/wp\/v2\/types\/page"}],"author":[{"embeddable":true,"href":"https:\/\/lakemarycosmeticdentist.com\/es\/wp-json\/wp\/v2\/users\/1"}],"replies":[{"embeddable":true,"href":"https:\/\/lakemarycosmeticdentist.com\/es\/wp-json\/wp\/v2\/comments?post=9195"}],"version-history":[{"count":0,"href":"https:\/\/lakemarycosmeticdentist.com\/es\/wp-json\/wp\/v2\/pages\/9195\/revisions"}],"wp:attachment":[{"href":"https:\/\/lakemarycosmeticdentist.com\/es\/wp-json\/wp\/v2\/media?parent=9195"}],"curies":[{"name":"wp","href":"https:\/\/api.w.org\/{rel}","templated":true}]}}