{"id":9149,"date":"2020-08-26T13:06:17","date_gmt":"2020-08-26T13:06:17","guid":{"rendered":"https:\/\/lakemarycosmeticdentist.com\/inhouse-discount-plan\/"},"modified":"2026-04-21T14:36:37","modified_gmt":"2026-04-21T18:36:37","slug":"inhouse-discount-plan","status":"publish","type":"page","link":"https:\/\/lakemarycosmeticdentist.com\/es\/inhouse-discount-plan\/","title":{"rendered":"Plan de descuentos internos"},"content":{"rendered":"<div id=\"cs-content\" class=\"cs-content\"><div class=\"x-section e9149-e1 m725-0 m725-1 m725-2 m725-6 hero_video\"><div class=\"x-bg\"><div class=\"x-bg-layer-lower-img\"><img sizes=\"(max-width: 1300px) 100vw, 1300px\" srcset=\"https:\/\/lakemarycosmeticdentist.com\/wp-content\/uploads\/sites\/20\/2021\/08\/Family.jpg 1300w, https:\/\/lakemarycosmeticdentist.com\/wp-content\/uploads\/sites\/20\/2021\/08\/Family-300x208.jpg 300w, https:\/\/lakemarycosmeticdentist.com\/wp-content\/uploads\/sites\/20\/2021\/08\/Family-1024x709.jpg 1024w, https:\/\/lakemarycosmeticdentist.com\/wp-content\/uploads\/sites\/20\/2021\/08\/Family-768x532.jpg 768w, https:\/\/lakemarycosmeticdentist.com\/wp-content\/uploads\/sites\/20\/2021\/08\/Family-100x69.jpg 100w\" decoding=\"async\" src=\"\/wp-content\/uploads\/2021\/08\/Family.jpg\" alt=\"A smiling woman and man sit on a couch playing video games with controllers, while a young girl behind them cheers with her arms raised, all appearing happy and excited in a bright living room.\"\/><\/div><div class=\"x-bg-layer-upper-color\" aria-hidden=\"true\"><\/div><\/div><div class=\"x-row x-container max width e9149-e2 m725-7 m725-8 m725-9 m725-k m725-l\"><div class=\"x-row-inner\"><div class=\"x-col e9149-e3 m725-t m725-u m725-v m725-w m725-x m725-y\"><div class=\"x-div e9149-e4 m725-17\"><div class=\"x-text x-content e9149-e5 m725-18 m725-19 m725-1a m725-1b m725-1c m725-1d m725-1e m725-1f\"><p class=\"p9px txt_white\">Se Habla Espa\u00f1ol<\/p><\/div><div class=\"x-text x-content e9149-e6 m725-18 m725-19 m725-1a m725-1b m725-1c m725-1d m725-1e m725-1f\"><p class=\"p9px txt_white\">Citas de urgencia disponibles<\/p><\/div><\/div><div class=\"x-text x-content e9149-e7 m725-18 m725-1a m725-1c m725-1d m725-1f m725-1g\"><a class=\"x-image\" href=\"\/es\/homepage\/\" style=\"outline: none;\"><img sizes=\"(max-width: 960px) 100vw, 960px\" srcset=\"https:\/\/lakemarycosmeticdentist.com\/wp-content\/uploads\/sites\/20\/2025\/08\/GPI-0128-001_LMD_White_900x280.png 960w, https:\/\/lakemarycosmeticdentist.com\/wp-content\/uploads\/sites\/20\/2025\/08\/GPI-0128-001_LMD_White_900x280-300x88.png 300w, https:\/\/lakemarycosmeticdentist.com\/wp-content\/uploads\/sites\/20\/2025\/08\/GPI-0128-001_LMD_White_900x280-768x224.png 768w, https:\/\/lakemarycosmeticdentist.com\/wp-content\/uploads\/sites\/20\/2025\/08\/GPI-0128-001_LMD_White_900x280-18x5.png 18w, https:\/\/lakemarycosmeticdentist.com\/wp-content\/uploads\/sites\/20\/2025\/08\/GPI-0128-001_LMD_White_900x280-100x29.png 100w\" decoding=\"async\" src=\"https:\/\/lakemarycosmeticdentist.com\/wp-content\/uploads\/sites\/20\/2025\/08\/GPI-0128-001_LMD_White_900x280.png\" width=\"450\" height=\"140\" alt=\"Lake Mary Family, Cosmetic and Implant Dentistry Logo\" loading=\"lazy\"><\/a><\/div><\/div><\/div><\/div><div class=\"x-row x-container max width e9149-e8 m725-7 m725-a m725-k m725-m\"><div class=\"x-row-inner\"><div class=\"x-col e9149-e9 m725-t m725-v m725-x m725-y m725-z m725-10\"><div class=\"x-text x-content e9149-e10 m725-18 m725-1a m725-1c m725-1d m725-1e m725-1h m725-1i\"><h1 class=\"txt_white\">Cobertura dental para usted y toda su familia<\/h1><\/div><\/div><\/div><\/div><\/div><div class=\"x-section e9149-e11 m725-0 m725-2 m725-3 m725-4\" style=\"--tco-dc725-1:rgb(252, 250, 237);--tco-dc725-4:rgb(252, 250, 237);\"><div class=\"x-row x-container max width e9149-e12 m725-7 m725-b m725-c m725-d m725-e m725-k m725-n\" style=\"--tco-dc725-7:#ffffff;--tco-dc725-a:#ffffff;--tco-dc725-d:#ffffff;\"><div class=\"x-row-inner\"><div class=\"x-col e9149-e13 m725-t m725-u m725-x m725-y m725-11 m725-12\"><div class=\"x-text x-content e9149-e14 m725-18 m725-1h m725-1j m725-1k m725-1l m725-1m m725-1n m725-1o\"><h2>En Lake Mary Family, Cosmetic and Implant Dentistry, queremos ofrecer un cuidado dental c\u00f3modo y de alta calidad a todo el mundo.<\/h2><\/div><div class=\"x-text x-content e9149-e15 m725-18 m725-19 m725-1j m725-1l m725-1m m725-1n m725-1o m725-1p\"><p class=\"pdefault\">Los pacientes sin seguro a\u00fan pueden ahorrar en nuestros excelentes servicios odontol\u00f3gicos generales, preventivos y est\u00e9ticos.<\/p>\n<p class=\"pdefault\">Por eso ofrecemos un plan interno de descuentos. El plan incluye el mismo cuidado dental profesional superior que usted espera mientras que goza de ahorros significativos en procedimientos dentales regulares. Ofreciendo descuentos entre <b>10 a 20%<\/b>\u00a0en la mayor\u00eda de los procedimientos dentales, desde limpiezas dentales hasta empastes.<\/p><\/div><\/div><div class=\"x-col e9149-e16 m725-t m725-v m725-x m725-z m725-13 m725-14\"><div class=\"x-bg\"><div class=\"x-bg-layer-lower-img\"><img sizes=\"(max-width: 900px) 100vw, 900px\" srcset=\"https:\/\/lakemarycosmeticdentist.com\/wp-content\/uploads\/sites\/20\/2021\/12\/master_spl_InHouse.jpg 900w, https:\/\/lakemarycosmeticdentist.com\/wp-content\/uploads\/sites\/20\/2021\/12\/master_spl_InHouse-300x300.jpg 300w, https:\/\/lakemarycosmeticdentist.com\/wp-content\/uploads\/sites\/20\/2021\/12\/master_spl_InHouse-150x150.jpg 150w, https:\/\/lakemarycosmeticdentist.com\/wp-content\/uploads\/sites\/20\/2021\/12\/master_spl_InHouse-768x768.jpg 768w, https:\/\/lakemarycosmeticdentist.com\/wp-content\/uploads\/sites\/20\/2021\/12\/master_spl_InHouse-12x12.jpg 12w, https:\/\/lakemarycosmeticdentist.com\/wp-content\/uploads\/sites\/20\/2021\/12\/master_spl_InHouse-100x100.jpg 100w\" decoding=\"async\" src=\"\/wp-content\/uploads\/2021\/12\/master_spl_InHouse.jpg\" alt=\"A smiling couple sits close together on a couch, sharing a pair of earphones and looking at a smartphone, enjoying music or a video in a cozy living room setting.\"\/><\/div><\/div><\/div><\/div><\/div><div class=\"x-row x-container max width e9149-e17 m725-7 m725-9 m725-b m725-e m725-f m725-k m725-o\" style=\"--tco-dc725-g:rgb(89, 90, 90);--tco-dc725-j:rgb(89, 90, 90);--tco-dc725-m:rgb(89, 90, 90);\"><div class=\"x-row-inner\"><div class=\"x-col e9149-e18 m725-t m725-v m725-x m725-y m725-z m725-15\"><div class=\"x-text x-content e9149-e19 m725-18 m725-1e m725-1h m725-1j m725-1k m725-1l m725-1m m725-1o\"><h2 class=\"txt_white\">\u00bfNo tiene seguro dental?<\/h2>\n<h3 class=\"txt_white\">No hay problema.<\/h3><\/div><\/div><div class=\"x-col e9149-e20 m725-t m725-v m725-x m725-z m725-12 m725-16\" style=\"--tco-dc725-p:#ffffff;\"><div class=\"x-text x-content e9149-e21 m725-18 m725-19 m725-1a m725-1d m725-1e m725-1l m725-1p m725-1q m725-1r\"><p class=\"pdefault brand_color\"><b>Planes para adultos desde<\/b><\/p><\/div><div class=\"x-counter e9149-e22 m725-1u\" style=\"--tco-dc725-r:rgb(207, 163, 52);\" data-x-element-counter=\"{&quot;to&quot;:&quot;12.50&quot;,&quot;speed&quot;:&quot;2s&quot;,&quot;commaSeparatedDecimal&quot;:false}\"><div class=\"x-counter-number-wrap\"><span class=\"x-counter-number-prefix\">$<\/span><span class=\"x-counter-number\">100.00<\/span><\/div><\/div><div class=\"x-text x-content e9149-e23 m725-18 m725-19 m725-1a m725-1d m725-1e m725-1f m725-1l m725-1p m725-1r\"><p class=\"pdefault brand_color\"><b>al mes!*<\/b><\/p><\/div><div class=\"x-text x-content e9149-e24 m725-18 m725-19 m725-1a m725-1d m725-1e m725-1f m725-1l m725-1p m725-1r\"><p class=\"p8px\">*La odontolog\u00eda de la familia, del cosm\u00e9tico y del implante de Lake Mary ofrece el plan interno del descuento a los pacientes sin seguro dental solamente. No se puede combinar con el seguro dental. El plan se factura anualmente, por lo que el \"tan bajo como\" costo es un desglose mensual de esa cuota anual.<\/p><\/div><\/div><\/div><\/div><div class=\"x-row x-container max width e9149-e25 m725-7 m725-b m725-c m725-g m725-k m725-p\" style=\"--tco-dc725-t:rgb(89, 90, 90);--tco-dc725-w:rgb(89, 90, 90);\"><div class=\"x-row-inner\"><div class=\"x-col e9149-e26 m725-t m725-v m725-x m725-y m725-z m725-12\"><div class=\"x-text x-content e9149-e27 m725-18 m725-1d m725-1e m725-1h m725-1j m725-1k m725-1l m725-1q\"><h3 class=\"txt_white\">P\u00f3ngase en contacto con nosotros hoy mismo para inscribirse en nuestro plan de descuentos internos.<\/h3><\/div><div class=\"x-text x-content e9149-e28 m725-18 m725-19 m725-1d m725-1e m725-1j m725-1l m725-1p m725-1q\"><p class=\"pdefault txt_white\">Con este plan de descuentos, garantizar\u00e1 la salud de su sonrisa y ahorrar\u00e1 dinero. Nos encantar\u00eda responder a cualquiera de sus preguntas.<\/p><\/div><\/div><\/div><\/div><\/div><div class=\"x-section e9149-e29 m725-0 m725-3 m725-5\" style=\"--tco-dc725-z:rgb(252, 250, 237);--tco-dc725-12:rgb(252, 250, 237);\"><div class=\"x-row x-container max width e9149-e30 m725-7 m725-b m725-c m725-e m725-h m725-k m725-q\" style=\"--tco-dc725-15:#ffffff;--tco-dc725-18:#ffffff;--tco-dc725-1b:#ffffff;\"><div class=\"x-row-inner\"><div class=\"x-col e9149-e31 m725-t m725-u m725-x m725-y m725-11 m725-12\"><div class=\"x-text x-content e9149-e32 m725-18 m725-1a m725-1d m725-1h m725-1k m725-1l m725-1n m725-1q\"><h2>C\u00f3mo funciona el plan de descuentos internos<\/h2><\/div><div class=\"x-text x-content e9149-e33 m725-18 m725-19 m725-1d m725-1j m725-1l m725-1p m725-1s\"><p class=\"pdefault\"><strong>Podr\u00e1 acogerse a este plan tanto si es un paciente nuevo como si ya lo es, siempre que no tenga un seguro dental.<\/strong><\/p>\n<p class=\"pdefault\"><b>Puede inscribirse en el plan en la oficina,<\/b> y sus prestaciones ser\u00e1n v\u00e1lidas durante todo un a\u00f1o. Nos ocupamos de todos los detalles para que pueda disfrutar de una sonrisa sin preocupaciones.<\/p><\/div><\/div><div class=\"x-col e9149-e34 m725-x m725-y m725-14\"><div class=\"x-bg\"><div class=\"x-bg-layer-lower-img\"><img decoding=\"async\" src=\"https:\/\/lakemarycosmeticdentist.com\/wp-content\/uploads\/sites\/20\/2021\/04\/HCD_paymentPlan4.jpg\" srcset=\"https:\/\/lakemarycosmeticdentist.com\/wp-content\/uploads\/sites\/20\/2021\/04\/HCD_paymentPlan4.jpg 880w, https:\/\/lakemarycosmeticdentist.com\/wp-content\/uploads\/sites\/20\/2021\/04\/HCD_paymentPlan4-300x259.jpg 300w, https:\/\/lakemarycosmeticdentist.com\/wp-content\/uploads\/sites\/20\/2021\/04\/HCD_paymentPlan4-768x663.jpg 768w, https:\/\/lakemarycosmeticdentist.com\/wp-content\/uploads\/sites\/20\/2021\/04\/HCD_paymentPlan4-100x86.jpg 100w\" sizes=\"(max-width: 880px) 100vw, 880px\" alt=\"A smiling couple stands close together outside a house with gray siding and a yellow door, looking happy and relaxed in the daylight.\"\/><\/div><\/div><\/div><\/div><\/div><div class=\"x-row x-container max width e9149-e35 m725-7 m725-b m725-c m725-i m725-k m725-r\" style=\"--tco-dc725-1e:#ffffff;--tco-dc725-1h:#ffffff;\"><div class=\"x-row-inner\"><div class=\"x-col e9149-e36 m725-t m725-u m725-x m725-y m725-11 m725-12 m725-15\"><div class=\"x-text x-content e9149-e37 m725-18 m725-1d m725-1h m725-1j m725-1k m725-1l m725-1o\"><h3>Las ventajas del plan de descuento interno incluyen:<\/h3><\/div><div class=\"x-text x-content e9149-e38 m725-18 m725-19 m725-1a m725-1d m725-1f m725-1l m725-1n m725-1p m725-1t\"><ul>\n<li>No hay prestaciones m\u00e1ximas anuales individuales o familiares permitidas<\/li>\n<li>Sin franquicias<\/li>\n<li>No hay que rellenar ni enviar formularios de reclamaci\u00f3n al seguro<\/li>\n<li>Sin limitaciones del seguro para tratamientos preexistentes<\/li>\n<li>Sin requisitos de autorizaci\u00f3n previa<\/li>\n<li>No se deniega la cobertura a los pacientes sin seguro<\/li>\n<li>Sin gastos ocultos<\/li>\n<li>Admisibilidad inmediata sin periodos de espera<\/li>\n<li>Excelente atenci\u00f3n dental con importantes descuentos<\/li>\n<\/ul><\/div><\/div><\/div><\/div><div class=\"x-row x-container max width e9149-e39 m725-7 m725-b m725-c m725-j m725-k m725-s\" style=\"--tco-dc725-1k:rgb(89, 90, 90);--tco-dc725-1n:rgb(89, 90, 90);\"><div class=\"x-row-inner\"><div class=\"x-col e9149-e40 m725-t m725-v m725-x m725-y m725-z m725-12\"><div class=\"x-text x-content e9149-e41 m725-18 m725-1a m725-1d m725-1e m725-1h m725-1k m725-1l m725-1q\"><h3 class=\"txt_white\">\u00bfEst\u00e1 listo para inscribirse o quiere saber m\u00e1s sobre c\u00f3mo puede ahorrar con el plan de descuentos internos?<\/h3><\/div><div class=\"x-text x-content e9149-e42 m725-18 m725-1a m725-1d m725-1e m725-1h m725-1k m725-1l m725-1q\"><h3 class=\"txt_white\">P\u00f3ngase en contacto con nosotros hoy mismo.<\/h3><\/div><\/div><\/div><\/div><\/div><\/div>","protected":false},"excerpt":{"rendered":"<p>\u00bfNo tiene seguro? No hay problema. Plan de descuento dental en Lake Mary, Florida. \u00a1Contacto Lake Mary Cosmetic and Implant Dentistry en 407-333-7393 para obtener ayuda ahora!<\/p>","protected":false},"author":2,"featured_media":0,"parent":0,"menu_order":0,"comment_status":"closed","ping_status":"closed","template":"template-blank-4.php","meta":{"footnotes":""},"class_list":["post-9149","page","type-page","status-publish","hentry","no-post-thumbnail"],"aioseo_notices":[],"aioseo_head":"\n\t\t<!-- All in One SEO Pro 4.9.6.2 - aioseo.com -->\n\t<meta name=\"description\" content=\"No insurance? No problem! In-house dental discount plan in Lake Mary, Florida. Contact Lake Mary Cosmetic and Implant Dentistry at 407-333-7393 to get help now!\" \/>\n\t<meta name=\"robots\" content=\"max-image-preview:large\" \/>\n\t<link rel=\"canonical\" href=\"https:\/\/lakemarycosmeticdentist.com\/es\/inhouse-discount-plan\/\" \/>\n\t<meta name=\"generator\" content=\"All in One SEO Pro (AIOSEO) 4.9.6.2\" \/>\n\t\t<meta property=\"og:locale\" content=\"es_ES\" \/>\n\t\t<meta property=\"og:site_name\" content=\"Lake Mary Family, Cosmetic, And Implant Dentistry - Lake Mary Family, Cosmetic, And Implant Dentistry\" \/>\n\t\t<meta property=\"og:type\" content=\"article\" \/>\n\t\t<meta property=\"og:title\" content=\"InHouse Discount Plan - Lake Mary Family, Cosmetic, And Implant Dentistry - Lake Mary Dentist Near You\" \/>\n\t\t<meta property=\"og:description\" content=\"No insurance? No problem! In-house dental discount plan in Lake Mary, Florida. Contact Lake Mary Cosmetic and Implant Dentistry at 407-333-7393 to get help now!\" \/>\n\t\t<meta property=\"og:url\" content=\"https:\/\/lakemarycosmeticdentist.com\/es\/inhouse-discount-plan\/\" \/>\n\t\t<meta property=\"og:image\" content=\"https:\/\/lakemarycosmeticdentist.com\/wp-content\/uploads\/sites\/20\/2023\/11\/LMD.jpg\" \/>\n\t\t<meta property=\"og:image:secure_url\" content=\"https:\/\/lakemarycosmeticdentist.com\/wp-content\/uploads\/sites\/20\/2023\/11\/LMD.jpg\" \/>\n\t\t<meta property=\"og:image:width\" content=\"1200\" \/>\n\t\t<meta property=\"og:image:height\" content=\"630\" \/>\n\t\t<meta property=\"article:published_time\" content=\"2020-08-26T13:06:17+00:00\" \/>\n\t\t<meta property=\"article:modified_time\" content=\"2026-04-21T18:36:37+00:00\" \/>\n\t\t<meta name=\"twitter:card\" content=\"summary\" \/>\n\t\t<meta name=\"twitter:title\" content=\"InHouse Discount Plan - Lake Mary Family, Cosmetic, And Implant Dentistry - Lake Mary Dentist Near You\" \/>\n\t\t<meta name=\"twitter:description\" content=\"No insurance? No problem! In-house dental discount plan in Lake Mary, Florida. Contact Lake Mary Cosmetic and Implant Dentistry at 407-333-7393 to get help now!\" \/>\n\t\t<meta name=\"twitter:image\" content=\"https:\/\/lakemarycosmeticdentist.com\/wp-content\/uploads\/sites\/20\/2023\/11\/LMD.jpg\" \/>\n\t\t<script type=\"application\/ld+json\" class=\"aioseo-schema\">\n\t\t\t{\"@context\":\"https:\\\/\\\/schema.org\",\"@graph\":[{\"@type\":\"BreadcrumbList\",\"@id\":\"https:\\\/\\\/lakemarycosmeticdentist.com\\\/es\\\/inhouse-discount-plan\\\/#breadcrumblist\",\"itemListElement\":[{\"@type\":\"ListItem\",\"@id\":\"https:\\\/\\\/lakemarycosmeticdentist.com\\\/es#listItem\",\"position\":1,\"name\":\"Home\",\"item\":\"https:\\\/\\\/lakemarycosmeticdentist.com\\\/es\",\"nextItem\":{\"@type\":\"ListItem\",\"@id\":\"https:\\\/\\\/lakemarycosmeticdentist.com\\\/es\\\/inhouse-discount-plan\\\/#listItem\",\"name\":\"InHouse Discount Plan\"}},{\"@type\":\"ListItem\",\"@id\":\"https:\\\/\\\/lakemarycosmeticdentist.com\\\/es\\\/inhouse-discount-plan\\\/#listItem\",\"position\":2,\"name\":\"InHouse Discount Plan\",\"previousItem\":{\"@type\":\"ListItem\",\"@id\":\"https:\\\/\\\/lakemarycosmeticdentist.com\\\/es#listItem\",\"name\":\"Home\"}}]},{\"@type\":\"Organization\",\"@id\":\"https:\\\/\\\/lakemarycosmeticdentist.com\\\/es\\\/#organization\",\"name\":\"Lake Mary Family, Cosmetic, And Implant Dentistry\",\"description\":\"Lake Mary Family, Cosmetic, And Implant Dentistry\",\"url\":\"https:\\\/\\\/lakemarycosmeticdentist.com\\\/es\\\/\",\"email\":\"frontdesk@lakemarycosmeticdentist.com\",\"telephone\":\"+14073337393\",\"logo\":{\"@type\":\"ImageObject\",\"url\":\"https:\\\/\\\/master.operationdental.com\\\/wp-content\\\/uploads\\\/2022\\\/06\\\/LMD-0003-001_LOGO_color_750px.png\",\"@id\":\"https:\\\/\\\/lakemarycosmeticdentist.com\\\/es\\\/inhouse-discount-plan\\\/#organizationLogo\"},\"image\":{\"@id\":\"https:\\\/\\\/lakemarycosmeticdentist.com\\\/es\\\/inhouse-discount-plan\\\/#organizationLogo\"},\"address\":{\"@id\":\"https:\\\/\\\/lakemarycosmeticdentist.com\\\/es\\\/#postaladdress\",\"@type\":\"PostalAddress\",\"streetAddress\":\"570 Rinehart Rd #110,\",\"postalCode\":\"32746\",\"addressLocality\":\"Lake Mary\",\"addressRegion\":\"Florida\",\"addressCountry\":\"US\"}},{\"@type\":\"WebPage\",\"@id\":\"https:\\\/\\\/lakemarycosmeticdentist.com\\\/es\\\/inhouse-discount-plan\\\/#webpage\",\"url\":\"https:\\\/\\\/lakemarycosmeticdentist.com\\\/es\\\/inhouse-discount-plan\\\/\",\"name\":\"InHouse Discount Plan - Lake Mary Family, Cosmetic, And Implant Dentistry - Lake Mary Dentist Near You\",\"description\":\"No insurance? No problem! In-house dental discount plan in Lake Mary, Florida. Contact Lake Mary Cosmetic and Implant Dentistry at 407-333-7393 to get help now!\",\"inLanguage\":\"es-ES\",\"isPartOf\":{\"@id\":\"https:\\\/\\\/lakemarycosmeticdentist.com\\\/es\\\/#website\"},\"breadcrumb\":{\"@id\":\"https:\\\/\\\/lakemarycosmeticdentist.com\\\/es\\\/inhouse-discount-plan\\\/#breadcrumblist\"},\"datePublished\":\"2020-08-26T13:06:17-04:00\",\"dateModified\":\"2026-04-21T14:36:37-04:00\"},{\"@type\":\"WebSite\",\"@id\":\"https:\\\/\\\/lakemarycosmeticdentist.com\\\/es\\\/#website\",\"url\":\"https:\\\/\\\/lakemarycosmeticdentist.com\\\/es\\\/\",\"name\":\"Lake Mary Family, Cosmetic, And Implant Dentistry\",\"description\":\"Lake Mary Family, Cosmetic, And Implant Dentistry\",\"inLanguage\":\"es-ES\",\"publisher\":{\"@id\":\"https:\\\/\\\/lakemarycosmeticdentist.com\\\/es\\\/#organization\"}}]}\n\t\t<\/script>\n\t\t<!-- All in One SEO Pro -->\r\n\t\t<title>InHouse Discount Plan - Lake Mary Family, Cosmetic, And Implant Dentistry - Lake Mary Dentist Near You<\/title>\n\n","aioseo_head_json":{"title":"Plan de descuento interno - Lake Mary odontolog\u00eda familiar, cosm\u00e9tica y de implantes - Lake Mary dentista cerca de usted","description":"\u00bfNo tiene seguro? No hay problema. Plan de descuento dental en Lake Mary, Florida. \u00a1Contacto Lake Mary Cosmetic and Implant Dentistry en 407-333-7393 para obtener ayuda ahora!","canonical_url":"https:\/\/lakemarycosmeticdentist.com\/es\/inhouse-discount-plan\/","robots":"max-image-preview:large","keywords":"","webmasterTools":{"miscellaneous":""},"schema":{"@context":"https:\/\/schema.org","@graph":[{"@type":"BreadcrumbList","@id":"https:\/\/lakemarycosmeticdentist.com\/es\/inhouse-discount-plan\/#breadcrumblist","itemListElement":[{"@type":"ListItem","@id":"https:\/\/lakemarycosmeticdentist.com\/es#listItem","position":1,"name":"Home","item":"https:\/\/lakemarycosmeticdentist.com\/es","nextItem":{"@type":"ListItem","@id":"https:\/\/lakemarycosmeticdentist.com\/es\/inhouse-discount-plan\/#listItem","name":"InHouse Discount Plan"}},{"@type":"ListItem","@id":"https:\/\/lakemarycosmeticdentist.com\/es\/inhouse-discount-plan\/#listItem","position":2,"name":"InHouse Discount Plan","previousItem":{"@type":"ListItem","@id":"https:\/\/lakemarycosmeticdentist.com\/es#listItem","name":"Home"}}]},{"@type":"Organization","@id":"https:\/\/lakemarycosmeticdentist.com\/es\/#organization","name":"Lake Mary Family, Cosmetic, And Implant Dentistry","description":"Lake Mary Family, Cosmetic, And Implant Dentistry","url":"https:\/\/lakemarycosmeticdentist.com\/es\/","email":"frontdesk@lakemarycosmeticdentist.com","telephone":"+14073337393","logo":{"@type":"ImageObject","url":"https:\/\/master.operationdental.com\/wp-content\/uploads\/2022\/06\/LMD-0003-001_LOGO_color_750px.png","@id":"https:\/\/lakemarycosmeticdentist.com\/es\/inhouse-discount-plan\/#organizationLogo"},"image":{"@id":"https:\/\/lakemarycosmeticdentist.com\/es\/inhouse-discount-plan\/#organizationLogo"},"address":{"@id":"https:\/\/lakemarycosmeticdentist.com\/es\/#postaladdress","@type":"PostalAddress","streetAddress":"570 Rinehart Rd #110,","postalCode":"32746","addressLocality":"Lake Mary","addressRegion":"Florida","addressCountry":"US"}},{"@type":"WebPage","@id":"https:\/\/lakemarycosmeticdentist.com\/es\/inhouse-discount-plan\/#webpage","url":"https:\/\/lakemarycosmeticdentist.com\/es\/inhouse-discount-plan\/","name":"InHouse Discount Plan - Lake Mary Family, Cosmetic, And Implant Dentistry - Lake Mary Dentist Near You","description":"No insurance? No problem! In-house dental discount plan in Lake Mary, Florida. Contact Lake Mary Cosmetic and Implant Dentistry at 407-333-7393 to get help now!","inLanguage":"es-ES","isPartOf":{"@id":"https:\/\/lakemarycosmeticdentist.com\/es\/#website"},"breadcrumb":{"@id":"https:\/\/lakemarycosmeticdentist.com\/es\/inhouse-discount-plan\/#breadcrumblist"},"datePublished":"2020-08-26T13:06:17-04:00","dateModified":"2026-04-21T14:36:37-04:00"},{"@type":"WebSite","@id":"https:\/\/lakemarycosmeticdentist.com\/es\/#website","url":"https:\/\/lakemarycosmeticdentist.com\/es\/","name":"Lake Mary Family, Cosmetic, And Implant Dentistry","description":"Lake Mary Family, Cosmetic, And Implant Dentistry","inLanguage":"es-ES","publisher":{"@id":"https:\/\/lakemarycosmeticdentist.com\/es\/#organization"}}]},"og:locale":"es_ES","og:site_name":"Lake Mary Family, Cosmetic, And Implant Dentistry - Lake Mary Family, Cosmetic, And Implant Dentistry","og:type":"article","og:title":"InHouse Discount Plan - Lake Mary Family, Cosmetic, And Implant Dentistry - Lake Mary Dentist Near You","og:description":"No insurance? No problem! In-house dental discount plan in Lake Mary, Florida. Contact Lake Mary Cosmetic and Implant Dentistry at 407-333-7393 to get help now!","og:url":"https:\/\/lakemarycosmeticdentist.com\/es\/inhouse-discount-plan\/","og:image":"https:\/\/lakemarycosmeticdentist.com\/wp-content\/uploads\/sites\/20\/2023\/11\/LMD.jpg","og:image:secure_url":"https:\/\/lakemarycosmeticdentist.com\/wp-content\/uploads\/sites\/20\/2023\/11\/LMD.jpg","og:image:width":1200,"og:image:height":630,"article:published_time":"2020-08-26T13:06:17+00:00","article:modified_time":"2026-04-21T18:36:37+00:00","twitter:card":"summary","twitter:title":"InHouse Discount Plan - Lake Mary Family, Cosmetic, And Implant Dentistry - Lake Mary Dentist Near You","twitter:description":"No insurance? No problem! In-house dental discount plan in Lake Mary, Florida. Contact Lake Mary Cosmetic and Implant Dentistry at 407-333-7393 to get help now!","twitter:image":"https:\/\/lakemarycosmeticdentist.com\/wp-content\/uploads\/sites\/20\/2023\/11\/LMD.jpg"},"aioseo_meta_data":{"post_id":"9149","title":null,"description":null,"keywords":null,"keyphrases":null,"primary_term":null,"canonical_url":null,"og_title":null,"og_description":null,"og_object_type":"default","og_image_type":"default","og_image_url":null,"og_image_width":null,"og_image_height":null,"og_image_custom_url":null,"og_image_custom_fields":null,"og_video":null,"og_custom_url":null,"og_article_section":null,"og_article_tags":null,"twitter_use_og":false,"twitter_card":"default","twitter_image_type":"default","twitter_image_url":null,"twitter_image_custom_url":null,"twitter_image_custom_fields":null,"twitter_title":null,"twitter_description":null,"schema":{"blockGraphs":[],"customGraphs":[],"default":{"data":{"Article":[],"Course":[],"Dataset":[],"FAQPage":[],"Movie":[],"Person":[],"Product":[],"ProductReview":[],"Car":[],"Recipe":[],"Service":[],"SoftwareApplication":[],"WebPage":[]},"graphName":"","isEnabled":true},"graphs":[]},"schema_type":"default","schema_type_options":null,"pillar_content":false,"robots_default":true,"robots_noindex":false,"robots_noarchive":false,"robots_nosnippet":false,"robots_nofollow":false,"robots_noimageindex":false,"robots_noodp":false,"robots_notranslate":false,"robots_max_snippet":null,"robots_max_videopreview":null,"robots_max_imagepreview":"large","priority":null,"frequency":null,"local_seo":null,"seo_analyzer_scan_date":"2026-04-21 18:40:09","breadcrumb_settings":null,"limit_modified_date":false,"reviewed_by":null,"open_ai":null,"ai":null,"created":"2023-10-18 17:08:23","updated":"2026-04-21 22:40:35"},"aioseo_breadcrumb":"<div class=\"aioseo-breadcrumbs\"><span class=\"aioseo-breadcrumb\">\n\t<a href=\"https:\/\/lakemarycosmeticdentist.com\/es\" title=\"Home\">Home<\/a>\n<\/span><span class=\"aioseo-breadcrumb-separator\">\u00bb<\/span><span class=\"aioseo-breadcrumb\">\n\tInHouse Discount Plan\n<\/span><\/div>","aioseo_breadcrumb_json":[{"label":"Home","link":"https:\/\/lakemarycosmeticdentist.com\/es"},{"label":"InHouse Discount Plan","link":"https:\/\/lakemarycosmeticdentist.com\/es\/inhouse-discount-plan\/"}],"_links":{"self":[{"href":"https:\/\/lakemarycosmeticdentist.com\/es\/wp-json\/wp\/v2\/pages\/9149","targetHints":{"allow":["GET"]}}],"collection":[{"href":"https:\/\/lakemarycosmeticdentist.com\/es\/wp-json\/wp\/v2\/pages"}],"about":[{"href":"https:\/\/lakemarycosmeticdentist.com\/es\/wp-json\/wp\/v2\/types\/page"}],"author":[{"embeddable":true,"href":"https:\/\/lakemarycosmeticdentist.com\/es\/wp-json\/wp\/v2\/users\/2"}],"replies":[{"embeddable":true,"href":"https:\/\/lakemarycosmeticdentist.com\/es\/wp-json\/wp\/v2\/comments?post=9149"}],"version-history":[{"count":0,"href":"https:\/\/lakemarycosmeticdentist.com\/es\/wp-json\/wp\/v2\/pages\/9149\/revisions"}],"wp:attachment":[{"href":"https:\/\/lakemarycosmeticdentist.com\/es\/wp-json\/wp\/v2\/media?parent=9149"}],"curies":[{"name":"wp","href":"https:\/\/api.w.org\/{rel}","templated":true}]}}