{"id":9145,"date":"2023-06-20T19:37:51","date_gmt":"2023-06-20T19:37:51","guid":{"rendered":"https:\/\/lakemarycosmeticdentist.com\/humana-dental-insurance-plans\/"},"modified":"2026-04-21T14:20:39","modified_gmt":"2026-04-21T18:20:39","slug":"humana-dental-insurance-plans","status":"publish","type":"page","link":"https:\/\/lakemarycosmeticdentist.com\/es\/humana-dental-insurance-plans\/","title":{"rendered":"Planes de seguro dental Humana"},"content":{"rendered":"<div id=\"cs-content\" class=\"cs-content\"><div class=\"x-section e9145-e1 m721-0 m721-1 m721-2 m721-5 hero_video\" style=\"--tco-dc721-1:rgb(89, 90, 90);--tco-dc721-4:rgb(89, 90, 90);\"><div class=\"x-bg\" aria-hidden=\"true\"><div class=\"x-bg-layer-lower-color\"><\/div><div class=\"x-bg-layer-upper-color\"><\/div><\/div><div class=\"x-row x-container max width e9145-e2 m721-6 m721-7 m721-8 m721-e m721-f\"><div class=\"x-row-inner\"><div class=\"x-col e9145-e3 m721-k m721-l m721-m m721-n m721-o\"><div class=\"x-div e9145-e4 m721-t\"><div class=\"x-text x-content e9145-e5 m721-u m721-v m721-w m721-x m721-y m721-z\"><p class=\"p9px txt_white\">Se Habla Espa\u00f1ol<\/p><\/div><div class=\"x-text x-content e9145-e6 m721-u m721-v m721-w m721-x m721-y m721-z\"><p class=\"p9px txt_white\">Citas de urgencia disponibles<\/p><\/div><\/div><div class=\"x-text x-content e9145-e7 m721-u m721-w m721-z m721-10\"><a class=\"x-image\" href=\"\/es\/homepage\/\" style=\"outline: none;\"><img sizes=\"(max-width: 960px) 100vw, 960px\" srcset=\"https:\/\/lakemarycosmeticdentist.com\/wp-content\/uploads\/sites\/20\/2025\/08\/GPI-0128-001_LMD_White_900x280.png 960w, https:\/\/lakemarycosmeticdentist.com\/wp-content\/uploads\/sites\/20\/2025\/08\/GPI-0128-001_LMD_White_900x280-300x88.png 300w, https:\/\/lakemarycosmeticdentist.com\/wp-content\/uploads\/sites\/20\/2025\/08\/GPI-0128-001_LMD_White_900x280-768x224.png 768w, https:\/\/lakemarycosmeticdentist.com\/wp-content\/uploads\/sites\/20\/2025\/08\/GPI-0128-001_LMD_White_900x280-18x5.png 18w, https:\/\/lakemarycosmeticdentist.com\/wp-content\/uploads\/sites\/20\/2025\/08\/GPI-0128-001_LMD_White_900x280-100x29.png 100w\" decoding=\"async\" src=\"https:\/\/lakemarycosmeticdentist.com\/wp-content\/uploads\/sites\/20\/2025\/08\/GPI-0128-001_LMD_White_900x280.png\" width=\"450\" height=\"140\" alt=\"Lake Mary Family, Cosmetic and Implant Dentistry Logo\" loading=\"lazy\"><\/a><\/div><\/div><\/div><\/div><div class=\"x-row x-container max width e9145-e8 m721-6 m721-8 m721-9 m721-e m721-g\"><div class=\"x-row-inner\"><div class=\"x-col e9145-e9 m721-k m721-m m721-n m721-o m721-p m721-q\"><div class=\"x-text x-content e9145-e10 m721-u m721-w m721-y m721-11 m721-12\"><h1 class=\"txt_white\">Planes de seguro Humana<\/h1><\/div><div class=\"x-text x-content e9145-e11 m721-u m721-w m721-z m721-10\"><p class=\"pdefault\"><a href=\"\/es\/insurances-we-accept\/#od_insuranceblock\" class=\"txt_white\">Volver a la p\u00e1gina de seguros<\/a><\/p><\/div><\/div><\/div><\/div><\/div><div class=\"x-section e9145-e12 m721-0 m721-3\" style=\"--tco-dc721-6:rgb(252, 250, 237);--tco-dc721-9:rgb(252, 250, 237);\"><div class=\"x-row x-container max width e9145-e13 m721-6 m721-8 m721-a m721-b m721-e m721-h\" style=\"--tco-dc721-c:#ffffff;--tco-dc721-f:#ffffff;\"><div class=\"x-row-inner\"><div class=\"x-col e9145-e14 m721-k m721-l m721-o m721-r\"><div class=\"x-text x-content e9145-e15 m721-u m721-w m721-z m721-11 m721-13\"><h2>Lake Mary Family, Cosmetic and Implant Dentistry acepta los siguientes planes de seguro de Humana<\/h2><\/div><div class=\"x-text x-content e9145-e16 m721-u m721-v m721-w m721-z m721-14 m721-15\"><ul>\r\n\t<li class=\"ins_li\">Humana Preventive Value<\/li>\r\n\t<li class=\"ins_li\">Humana Preventive Plus<\/li>\r\n\t<li class=\"ins_li\">Preferido PPO\/Tradicional<\/li>\r\n\t<li class=\"ins_li\">HumanaOne Dental Fidelidad Plus<\/li>\r\n\t<li class=\"ins_li\">HumanaOne Dental Simple Choice<\/li>\r\n\t<li class=\"ins_li\">Humana Extend<\/li>\r\n\t<li class=\"ins_li\">Humana Dental High PPO<\/li>\r\n\t<li class=\"ins_li\">Humana Complete Dental<\/li>\r\n<\/ul><\/div><div class=\"x-text x-content e9145-e17 m721-u m721-v m721-w m721-z m721-14\"><p class=\"pdefault\"><b>Si no encuentra su seguro en esta lista, por favor <a href=\"\/es\/contact-us\/\">Contacto<\/a> para ayudarle m\u00e1s.<\/b> <i>Tenga en cuenta que actualmente no aceptamos Medicaid ni planes HMO.<\/i><\/p><\/div><div class=\"x-text x-content e9145-e18 m721-u m721-v m721-w m721-z m721-14\"><p class=\"pdefault\"><a href=\"\/es\/insurances-we-accept\/#od_insuranceblock\" class=\"txt_under\">Volver a la p\u00e1gina de seguros<\/a><\/p><\/div><\/div><\/div><\/div><div class=\"x-row x-container max width e9145-e19 m721-6 m721-8 m721-a m721-c m721-e m721-i\" style=\"--tco-dc721-i:#ffffff;--tco-dc721-l:#ffffff;--tco-dc721-o:#ffffff;\"><div class=\"x-row-inner\"><div class=\"x-col e9145-e20 m721-o m721-s\"><div class=\"x-text x-content e9145-e21 m721-u m721-v m721-14 m721-16\"><p class=\"pdefault\">Humana ofrece una variedad de planes que proporcionan acceso a una amplia red de dentistas, garantizando comodidad y atenci\u00f3n de calidad. La cobertura de Humana abarca procedimientos odontol\u00f3gicos preventivos, b\u00e1sicos y principales, atendiendo a diversas necesidades de salud bucodental. El \u00e9nfasis en la atenci\u00f3n preventiva es evidente a trav\u00e9s de la cobertura de revisiones rutinarias, limpiezas y radiograf\u00edas, promoviendo pr\u00e1cticas proactivas de salud bucodental. Adem\u00e1s, Humana da prioridad al servicio al cliente ofreciendo herramientas y recursos en l\u00ednea para facilitar la gesti\u00f3n de las prestaciones dentales. Sus opciones de m\u00e1ximo anual ampliado e ilimitado tambi\u00e9n evitan que los afiliados lleguen al m\u00e1ximo de sus prestaciones, ayud\u00e1ndoles a mantenerse al tanto de su salud bucodental y general.<\/p>\n<p class=\"pdefault\">Para m\u00e1s informaci\u00f3n, <a href=\"https:\/\/www.humana.com\/\" target=\"_new\">haga clic aqu\u00ed para visitar su sitio web.<\/a><\/p><\/div><\/div><div class=\"x-col e9145-e22 m721-k m721-m m721-o m721-p\"><span class=\"x-image e9145-e23 m721-17\"><img decoding=\"async\" src=\"https:\/\/lakemarycosmeticdentist.com\/wp-content\/uploads\/sites\/20\/2023\/06\/humana-logo.png\" srcset=\"https:\/\/lakemarycosmeticdentist.com\/wp-content\/uploads\/sites\/20\/2023\/06\/humana-logo.png 500w, https:\/\/lakemarycosmeticdentist.com\/wp-content\/uploads\/sites\/20\/2023\/06\/humana-logo-300x66.png 300w, https:\/\/lakemarycosmeticdentist.com\/wp-content\/uploads\/sites\/20\/2023\/06\/humana-logo-100x22.png 100w\" sizes=\"(max-width: 500px) 100vw, 500px\" alt=\"The image displays the word Humana in bold, green, lowercase letters on a light gray background.\"><\/span><\/div><\/div><\/div><\/div><div class=\"x-section e9145-e24 m721-0 m721-1 m721-4\"><div class=\"x-row e9145-e25 m721-6 m721-d m721-e m721-j\"><div class=\"x-row-inner\"><div class=\"x-col e9145-e26 m721-o\"><div class=\"cs-content x-global-block x-global-block-9316 e9316-e0\"><div class=\"x-section e9316-e2 m76s-0\" style=\"--tco-dc76s-1:#ffffff;--tco-dc76s-4:#ffffff;\"><div class=\"x-row x-container max width e9316-e3 m76s-1 m76s-2 m76s-3\"><div class=\"x-row-inner\"><div class=\"x-col e9316-e4 m76s-5 m76s-6 m76s-7\"><div class=\"x-text x-content e9316-e5 m76s-a m76s-b\"><h2>Opciones de pago flexibles<\/h2>\n<h3>Para una atenci\u00f3n dental de alta calidad en Lake Mary<\/h3><\/div><div class=\"x-text x-content e9316-e6 m76s-a m76s-c\"><p class=\"pdefault\">Para su comodidad, Lake Mary Family, Cosmetic and Implant Dentistry acepta:<\/p>\n\n<ul>\n \t<li class=\"pdefault\">Una amplia gama de planes de seguro dental PPO -<span>\u00a0<\/span><a href=\"\/es\/insurances-we-accept\/\" target=\"_self\"><b>pulse aqu\u00ed<\/b> para ver qu\u00e9 seguros aceptamos<\/a><\/li>\n \t<li class=\"pdefault\">Plan interno de descuentos y ofertas especiales para pacientes sin seguro m\u00e9dico<\/li>\n \t<li class=\"pdefault\">Efectivo y cheque<\/li>\n \t<li class=\"pdefault\">Todas las principales tarjetas de cr\u00e9dito, incluidas MasterCard, VISA, Discover, American Express, etc.<\/li>\n<\/ul>\n<p class=\"pdefault\"><b>NO aceptamos planes HMO ni Medicaid.<\/b><\/p><\/div><\/div><div class=\"x-col e9316-e7 m76s-5 m76s-8 m76s-9\"><a class=\"x-image e9316-e8 m76s-e\" href=\"https:\/\/apply.sunbit.com\/LakeMaryCosmeticImplantDentistry\" target=\"_blank\" rel=\"noopener noreferrer\"><img decoding=\"async\" src=\"https:\/\/lakemarycosmeticdentist.com\/wp-content\/uploads\/sites\/20\/2025\/11\/Dntl_Web_600x500-1.png\" srcset=\"https:\/\/lakemarycosmeticdentist.com\/wp-content\/uploads\/sites\/20\/2025\/11\/Dntl_Web_600x500-1.png 600w, https:\/\/lakemarycosmeticdentist.com\/wp-content\/uploads\/sites\/20\/2025\/11\/Dntl_Web_600x500-1-300x250.png 300w, https:\/\/lakemarycosmeticdentist.com\/wp-content\/uploads\/sites\/20\/2025\/11\/Dntl_Web_600x500-1-14x12.png 14w, https:\/\/lakemarycosmeticdentist.com\/wp-content\/uploads\/sites\/20\/2025\/11\/Dntl_Web_600x500-1-100x83.png 100w\" sizes=\"(max-width: 600px) 100vw, 600px\" alt=\"Smile now, Pay-over-time with sunbit\"><\/a><\/div><\/div><\/div><\/div><\/div><\/div><\/div><\/div><\/div><\/div>","protected":false},"excerpt":{"rendered":"<p>Los planes de seguro Lake Mary Cosmetic and Implant Dentistry acepta. \u00a1Llame al 407-333-7393 hoy para programar su cita con nuestros dentistas cualificados y de confianza!<\/p>","protected":false},"author":1,"featured_media":0,"parent":0,"menu_order":0,"comment_status":"closed","ping_status":"closed","template":"template-blank-4.php","meta":{"footnotes":""},"class_list":["post-9145","page","type-page","status-publish","hentry","no-post-thumbnail"],"aioseo_notices":[],"aioseo_head":"\n\t\t<!-- All in One SEO Pro 4.9.6.2 - aioseo.com -->\n\t<meta name=\"description\" content=\"The insurance plans Lake Mary Cosmetic and Implant Dentistry accepts. Call 407-333-7393 today to schedule your appointment with our skilled and trusted dentists!\" \/>\n\t<meta name=\"robots\" content=\"max-image-preview:large\" \/>\n\t<link rel=\"canonical\" href=\"https:\/\/lakemarycosmeticdentist.com\/es\/humana-dental-insurance-plans\/\" \/>\n\t<meta name=\"generator\" content=\"All in One SEO Pro (AIOSEO) 4.9.6.2\" \/>\n\t\t<meta property=\"og:locale\" content=\"es_ES\" \/>\n\t\t<meta property=\"og:site_name\" content=\"Lake Mary Family, Cosmetic, And Implant Dentistry - Lake Mary Family, Cosmetic, And Implant Dentistry\" \/>\n\t\t<meta property=\"og:type\" content=\"article\" \/>\n\t\t<meta property=\"og:title\" content=\"Humana Dental Insurance Plans - Lake Mary Family, Cosmetic, And Implant Dentistry - Lake Mary Dentist Near You\" \/>\n\t\t<meta property=\"og:description\" content=\"The insurance plans Lake Mary Cosmetic and Implant Dentistry accepts. Call 407-333-7393 today to schedule your appointment with our skilled and trusted dentists!\" \/>\n\t\t<meta property=\"og:url\" content=\"https:\/\/lakemarycosmeticdentist.com\/es\/humana-dental-insurance-plans\/\" \/>\n\t\t<meta property=\"og:image\" content=\"https:\/\/lakemarycosmeticdentist.com\/wp-content\/uploads\/sites\/20\/2023\/11\/LMD.jpg\" \/>\n\t\t<meta property=\"og:image:secure_url\" content=\"https:\/\/lakemarycosmeticdentist.com\/wp-content\/uploads\/sites\/20\/2023\/11\/LMD.jpg\" \/>\n\t\t<meta property=\"og:image:width\" content=\"1200\" \/>\n\t\t<meta property=\"og:image:height\" content=\"630\" \/>\n\t\t<meta property=\"article:published_time\" content=\"2023-06-20T19:37:51+00:00\" \/>\n\t\t<meta property=\"article:modified_time\" content=\"2026-04-21T18:20:39+00:00\" \/>\n\t\t<meta name=\"twitter:card\" content=\"summary\" \/>\n\t\t<meta name=\"twitter:title\" content=\"Humana Dental Insurance Plans - Lake Mary Family, Cosmetic, And Implant Dentistry - Lake Mary Dentist Near You\" \/>\n\t\t<meta name=\"twitter:description\" content=\"The insurance plans Lake Mary Cosmetic and Implant Dentistry accepts. Call 407-333-7393 today to schedule your appointment with our skilled and trusted dentists!\" \/>\n\t\t<meta name=\"twitter:image\" content=\"https:\/\/lakemarycosmeticdentist.com\/wp-content\/uploads\/sites\/20\/2023\/11\/LMD.jpg\" \/>\n\t\t<script type=\"application\/ld+json\" class=\"aioseo-schema\">\n\t\t\t{\"@context\":\"https:\\\/\\\/schema.org\",\"@graph\":[{\"@type\":\"BreadcrumbList\",\"@id\":\"https:\\\/\\\/lakemarycosmeticdentist.com\\\/es\\\/humana-dental-insurance-plans\\\/#breadcrumblist\",\"itemListElement\":[{\"@type\":\"ListItem\",\"@id\":\"https:\\\/\\\/lakemarycosmeticdentist.com\\\/es#listItem\",\"position\":1,\"name\":\"Home\",\"item\":\"https:\\\/\\\/lakemarycosmeticdentist.com\\\/es\",\"nextItem\":{\"@type\":\"ListItem\",\"@id\":\"https:\\\/\\\/lakemarycosmeticdentist.com\\\/es\\\/humana-dental-insurance-plans\\\/#listItem\",\"name\":\"Humana Dental Insurance Plans\"}},{\"@type\":\"ListItem\",\"@id\":\"https:\\\/\\\/lakemarycosmeticdentist.com\\\/es\\\/humana-dental-insurance-plans\\\/#listItem\",\"position\":2,\"name\":\"Humana Dental Insurance Plans\",\"previousItem\":{\"@type\":\"ListItem\",\"@id\":\"https:\\\/\\\/lakemarycosmeticdentist.com\\\/es#listItem\",\"name\":\"Home\"}}]},{\"@type\":\"Organization\",\"@id\":\"https:\\\/\\\/lakemarycosmeticdentist.com\\\/es\\\/#organization\",\"name\":\"Lake Mary Family, Cosmetic, And Implant Dentistry\",\"description\":\"Lake Mary Family, Cosmetic, And Implant Dentistry\",\"url\":\"https:\\\/\\\/lakemarycosmeticdentist.com\\\/es\\\/\",\"email\":\"frontdesk@lakemarycosmeticdentist.com\",\"telephone\":\"+14073337393\",\"logo\":{\"@type\":\"ImageObject\",\"url\":\"https:\\\/\\\/master.operationdental.com\\\/wp-content\\\/uploads\\\/2022\\\/06\\\/LMD-0003-001_LOGO_color_750px.png\",\"@id\":\"https:\\\/\\\/lakemarycosmeticdentist.com\\\/es\\\/humana-dental-insurance-plans\\\/#organizationLogo\"},\"image\":{\"@id\":\"https:\\\/\\\/lakemarycosmeticdentist.com\\\/es\\\/humana-dental-insurance-plans\\\/#organizationLogo\"},\"address\":{\"@id\":\"https:\\\/\\\/lakemarycosmeticdentist.com\\\/es\\\/#postaladdress\",\"@type\":\"PostalAddress\",\"streetAddress\":\"570 Rinehart Rd #110,\",\"postalCode\":\"32746\",\"addressLocality\":\"Lake Mary\",\"addressRegion\":\"Florida\",\"addressCountry\":\"US\"}},{\"@type\":\"WebPage\",\"@id\":\"https:\\\/\\\/lakemarycosmeticdentist.com\\\/es\\\/humana-dental-insurance-plans\\\/#webpage\",\"url\":\"https:\\\/\\\/lakemarycosmeticdentist.com\\\/es\\\/humana-dental-insurance-plans\\\/\",\"name\":\"Humana Dental Insurance Plans - Lake Mary Family, Cosmetic, And Implant Dentistry - Lake Mary Dentist Near You\",\"description\":\"The insurance plans Lake Mary Cosmetic and Implant Dentistry accepts. Call 407-333-7393 today to schedule your appointment with our skilled and trusted dentists!\",\"inLanguage\":\"es-ES\",\"isPartOf\":{\"@id\":\"https:\\\/\\\/lakemarycosmeticdentist.com\\\/es\\\/#website\"},\"breadcrumb\":{\"@id\":\"https:\\\/\\\/lakemarycosmeticdentist.com\\\/es\\\/humana-dental-insurance-plans\\\/#breadcrumblist\"},\"datePublished\":\"2023-06-20T19:37:51-04:00\",\"dateModified\":\"2026-04-21T14:20:39-04:00\"},{\"@type\":\"WebSite\",\"@id\":\"https:\\\/\\\/lakemarycosmeticdentist.com\\\/es\\\/#website\",\"url\":\"https:\\\/\\\/lakemarycosmeticdentist.com\\\/es\\\/\",\"name\":\"Lake Mary Family, Cosmetic, And Implant Dentistry\",\"description\":\"Lake Mary Family, Cosmetic, And Implant Dentistry\",\"inLanguage\":\"es-ES\",\"publisher\":{\"@id\":\"https:\\\/\\\/lakemarycosmeticdentist.com\\\/es\\\/#organization\"}}]}\n\t\t<\/script>\n\t\t<!-- All in One SEO Pro -->\r\n\t\t<title>Humana Dental Insurance Plans - Lake Mary Family, Cosmetic, And Implant Dentistry - Lake Mary Dentist Near You<\/title>\n\n","aioseo_head_json":{"title":"Humana Dental Insurance Plans - Lake Mary Family, Cosmetic, And Implant Dentistry - Dentista cerca de usted en Lake Mary","description":"Los planes de seguro Lake Mary Cosmetic and Implant Dentistry acepta. \u00a1Llame al 407-333-7393 hoy para programar su cita con nuestros dentistas cualificados y de confianza!","canonical_url":"https:\/\/lakemarycosmeticdentist.com\/es\/humana-dental-insurance-plans\/","robots":"max-image-preview:large","keywords":"","webmasterTools":{"miscellaneous":""},"schema":{"@context":"https:\/\/schema.org","@graph":[{"@type":"BreadcrumbList","@id":"https:\/\/lakemarycosmeticdentist.com\/es\/humana-dental-insurance-plans\/#breadcrumblist","itemListElement":[{"@type":"ListItem","@id":"https:\/\/lakemarycosmeticdentist.com\/es#listItem","position":1,"name":"Home","item":"https:\/\/lakemarycosmeticdentist.com\/es","nextItem":{"@type":"ListItem","@id":"https:\/\/lakemarycosmeticdentist.com\/es\/humana-dental-insurance-plans\/#listItem","name":"Humana Dental Insurance Plans"}},{"@type":"ListItem","@id":"https:\/\/lakemarycosmeticdentist.com\/es\/humana-dental-insurance-plans\/#listItem","position":2,"name":"Humana Dental Insurance Plans","previousItem":{"@type":"ListItem","@id":"https:\/\/lakemarycosmeticdentist.com\/es#listItem","name":"Home"}}]},{"@type":"Organization","@id":"https:\/\/lakemarycosmeticdentist.com\/es\/#organization","name":"Lake Mary Family, Cosmetic, And Implant Dentistry","description":"Lake Mary Family, Cosmetic, And Implant Dentistry","url":"https:\/\/lakemarycosmeticdentist.com\/es\/","email":"frontdesk@lakemarycosmeticdentist.com","telephone":"+14073337393","logo":{"@type":"ImageObject","url":"https:\/\/master.operationdental.com\/wp-content\/uploads\/2022\/06\/LMD-0003-001_LOGO_color_750px.png","@id":"https:\/\/lakemarycosmeticdentist.com\/es\/humana-dental-insurance-plans\/#organizationLogo"},"image":{"@id":"https:\/\/lakemarycosmeticdentist.com\/es\/humana-dental-insurance-plans\/#organizationLogo"},"address":{"@id":"https:\/\/lakemarycosmeticdentist.com\/es\/#postaladdress","@type":"PostalAddress","streetAddress":"570 Rinehart Rd #110,","postalCode":"32746","addressLocality":"Lake Mary","addressRegion":"Florida","addressCountry":"US"}},{"@type":"WebPage","@id":"https:\/\/lakemarycosmeticdentist.com\/es\/humana-dental-insurance-plans\/#webpage","url":"https:\/\/lakemarycosmeticdentist.com\/es\/humana-dental-insurance-plans\/","name":"Humana Dental Insurance Plans - Lake Mary Family, Cosmetic, And Implant Dentistry - Lake Mary Dentist Near You","description":"The insurance plans Lake Mary Cosmetic and Implant Dentistry accepts. Call 407-333-7393 today to schedule your appointment with our skilled and trusted dentists!","inLanguage":"es-ES","isPartOf":{"@id":"https:\/\/lakemarycosmeticdentist.com\/es\/#website"},"breadcrumb":{"@id":"https:\/\/lakemarycosmeticdentist.com\/es\/humana-dental-insurance-plans\/#breadcrumblist"},"datePublished":"2023-06-20T19:37:51-04:00","dateModified":"2026-04-21T14:20:39-04:00"},{"@type":"WebSite","@id":"https:\/\/lakemarycosmeticdentist.com\/es\/#website","url":"https:\/\/lakemarycosmeticdentist.com\/es\/","name":"Lake Mary Family, Cosmetic, And Implant Dentistry","description":"Lake Mary Family, Cosmetic, And Implant Dentistry","inLanguage":"es-ES","publisher":{"@id":"https:\/\/lakemarycosmeticdentist.com\/es\/#organization"}}]},"og:locale":"es_ES","og:site_name":"Lake Mary Family, Cosmetic, And Implant Dentistry - Lake Mary Family, Cosmetic, And Implant Dentistry","og:type":"article","og:title":"Humana Dental Insurance Plans - Lake Mary Family, Cosmetic, And Implant Dentistry - Lake Mary Dentist Near You","og:description":"The insurance plans Lake Mary Cosmetic and Implant Dentistry accepts. Call 407-333-7393 today to schedule your appointment with our skilled and trusted dentists!","og:url":"https:\/\/lakemarycosmeticdentist.com\/es\/humana-dental-insurance-plans\/","og:image":"https:\/\/lakemarycosmeticdentist.com\/wp-content\/uploads\/sites\/20\/2023\/11\/LMD.jpg","og:image:secure_url":"https:\/\/lakemarycosmeticdentist.com\/wp-content\/uploads\/sites\/20\/2023\/11\/LMD.jpg","og:image:width":1200,"og:image:height":630,"article:published_time":"2023-06-20T19:37:51+00:00","article:modified_time":"2026-04-21T18:20:39+00:00","twitter:card":"summary","twitter:title":"Humana Dental Insurance Plans - Lake Mary Family, Cosmetic, And Implant Dentistry - Lake Mary Dentist Near You","twitter:description":"The insurance plans Lake Mary Cosmetic and Implant Dentistry accepts. Call 407-333-7393 today to schedule your appointment with our skilled and trusted dentists!","twitter:image":"https:\/\/lakemarycosmeticdentist.com\/wp-content\/uploads\/sites\/20\/2023\/11\/LMD.jpg"},"aioseo_meta_data":{"post_id":"9145","title":null,"description":null,"keywords":null,"keyphrases":null,"primary_term":null,"canonical_url":null,"og_title":null,"og_description":null,"og_object_type":"default","og_image_type":"default","og_image_url":null,"og_image_width":null,"og_image_height":null,"og_image_custom_url":null,"og_image_custom_fields":null,"og_video":null,"og_custom_url":null,"og_article_section":null,"og_article_tags":null,"twitter_use_og":false,"twitter_card":"default","twitter_image_type":"default","twitter_image_url":null,"twitter_image_custom_url":null,"twitter_image_custom_fields":null,"twitter_title":null,"twitter_description":null,"schema":{"blockGraphs":[],"customGraphs":[],"default":{"data":{"Article":[],"Course":[],"Dataset":[],"FAQPage":[],"Movie":[],"Person":[],"Product":[],"ProductReview":[],"Car":[],"Recipe":[],"Service":[],"SoftwareApplication":[],"WebPage":[]},"graphName":"","isEnabled":true},"graphs":[]},"schema_type":"default","schema_type_options":null,"pillar_content":false,"robots_default":true,"robots_noindex":false,"robots_noarchive":false,"robots_nosnippet":false,"robots_nofollow":false,"robots_noimageindex":false,"robots_noodp":false,"robots_notranslate":false,"robots_max_snippet":null,"robots_max_videopreview":null,"robots_max_imagepreview":"large","priority":null,"frequency":null,"local_seo":null,"seo_analyzer_scan_date":"2026-04-21 18:40:13","breadcrumb_settings":null,"limit_modified_date":false,"reviewed_by":null,"open_ai":null,"ai":null,"created":"2023-10-18 17:13:29","updated":"2026-04-21 22:28:50"},"aioseo_breadcrumb":"<div class=\"aioseo-breadcrumbs\"><span class=\"aioseo-breadcrumb\">\n\t<a href=\"https:\/\/lakemarycosmeticdentist.com\/es\" title=\"Home\">Home<\/a>\n<\/span><span class=\"aioseo-breadcrumb-separator\">\u00bb<\/span><span class=\"aioseo-breadcrumb\">\n\tHumana Dental Insurance Plans\n<\/span><\/div>","aioseo_breadcrumb_json":[{"label":"Home","link":"https:\/\/lakemarycosmeticdentist.com\/es"},{"label":"Humana Dental Insurance Plans","link":"https:\/\/lakemarycosmeticdentist.com\/es\/humana-dental-insurance-plans\/"}],"_links":{"self":[{"href":"https:\/\/lakemarycosmeticdentist.com\/es\/wp-json\/wp\/v2\/pages\/9145","targetHints":{"allow":["GET"]}}],"collection":[{"href":"https:\/\/lakemarycosmeticdentist.com\/es\/wp-json\/wp\/v2\/pages"}],"about":[{"href":"https:\/\/lakemarycosmeticdentist.com\/es\/wp-json\/wp\/v2\/types\/page"}],"author":[{"embeddable":true,"href":"https:\/\/lakemarycosmeticdentist.com\/es\/wp-json\/wp\/v2\/users\/1"}],"replies":[{"embeddable":true,"href":"https:\/\/lakemarycosmeticdentist.com\/es\/wp-json\/wp\/v2\/comments?post=9145"}],"version-history":[{"count":0,"href":"https:\/\/lakemarycosmeticdentist.com\/es\/wp-json\/wp\/v2\/pages\/9145\/revisions"}],"wp:attachment":[{"href":"https:\/\/lakemarycosmeticdentist.com\/es\/wp-json\/wp\/v2\/media?parent=9145"}],"curies":[{"name":"wp","href":"https:\/\/api.w.org\/{rel}","templated":true}]}}